{"id":6521,"date":"2020-01-10T10:48:35","date_gmt":"2020-01-10T08:48:35","guid":{"rendered":"https:\/\/xarxamaimes.org\/professorat\/projectes-de-centre\/"},"modified":"2020-01-10T10:48:35","modified_gmt":"2020-01-10T08:48:35","slug":"projectes-de-centre","status":"publish","type":"page","link":"https:\/\/xarxamaimes.org\/en\/professorat\/projectes-de-centre\/","title":{"rendered":"Proyectos de centro"},"content":{"rendered":"<p>La integraci\u00f3n de los centros educativos en la Red ha posibilitado el trabajo transversal y global en muchos de ellos. Proyectos de centro que son excelentes ejemplos de este trabajo pedag\u00f3gico sobre la memoria, los valores, los derechos humanos, y la sensibilizaci\u00f3n y prevenci\u00f3n de las ideolog\u00edas totalitarias y extremistas.<\/p>\n<p>A continuaci\u00f3n, pod\u00e9is consultar algunos proyectos de los centros integrantes de la Red:<\/p>\n<p><a href=\"https:\/\/sites.google.com\/xtec.cat\/portes-de-la-memoria\/inici\"><strong>&#8220;PORTES DE LA MEM\u00d2RIA\u201d, INS Ramon Berenguer IV, Amposta<\/strong><\/a><\/p>\n<p><strong><a href=\"https:\/\/allunyament.wordpress.com\/\">&#8220;L&#8217;HOME DELS ULLS TRISTOS&#8221;, Projecte Manresa-Mauthausen-Catalunya central<\/a> <\/strong><\/p>\n<p><a href=\"http:\/\/www.insbruguers.cat\/projectes\/projecte-buchenwald\"><strong>\u201cALUMNES CONTRA EL FEIXISME\u201d, INS Bruguers, Gav\u00e0<\/strong><\/a><\/p>\n<p><strong><a href=\"https:\/\/view.genial.ly\/5f7361d4b3bb1f0d011a3e7b\/dossier-musiques-de-lholocaust\">&#8220;M\u00daSIQUES DE L&#8217;HOLOCAUST&#8221;, INS Andreu Sempere, Alcoi\u00a0<\/a><\/strong><\/p>\n<p><a href=\"https:\/\/www.elcimvilanova.cat\/projecte-buchenwald\/\"><strong>&#8220;PROJECTE BUCHENWALD&#8221;, Escola El Cim, Vilanova i la Geltr\u00fa<\/strong><\/a><\/p>\n<p><strong><a href=\"http:\/\/www.insbruguers.cat\/projectes\/projecte-buchenwald\">&#8220;PROJECTE BUCHENWALD&#8221;, INS Bruguers, Gav\u00e0<\/a><\/strong><\/p>\n<p><strong><a href=\"https:\/\/blocs.xtec.cat\/iescubelles\/projectes\/projecte-buchenwald\/\">&#8220;PROJECTE BUCHENWALD&#8221;, INS Cubelles<\/a> <\/strong><\/p>\n<p><strong><a href=\"https:\/\/www.insalexandregali.cat\/projectes\/projecte-buchenwald\/\">&#8220;PROJECTE BUCHENWALD&#8221;, INS Alexandre Gal\u00ed, Sant Pere de Ribes<\/a> <\/strong><\/p>\n<p><a href=\"http:\/\/www.fxlluchirafecas.cat\/index.php\/programes-del-centre\/projecte-buchenwald-batxillerat\"><strong>&#8220;PROJECTE BUCHENWALD&#8221;, <\/strong><strong>INS F.X. Lluch i Rafecas, Vilanova i la Geltr\u00fa<\/strong><\/a><\/p>\n<p><strong><a href=\"http:\/\/divinaprovidencia.cat\/continguts_c\/projectes-activitats-7\/projecte-buchenwald-31.html\">&#8220;PROJECTE BUCHENWALD&#8221;, Escola Divina Provid\u00e8ncia, Vilanova i la Geltr\u00fa<\/a><\/strong><\/p>\n<p><a href=\"http:\/\/MEMORIAL DIA DE L'HOLOCAUST. INS Joaquim Mir. Vilanova i la Geltr\u00fa\"><strong>&#8220;MEMORIAL DIA DE L&#8217;HOLOCAUST, INS Joaquim Mir, Vilanova i la Geltr\u00fa<\/strong>&#8220;<\/a><\/p>\n<p><a href=\"https:\/\/drive.google.com\/file\/d\/15j6nRRY9LtBttV1Zg7Q1DpELkJCNnLTg\/view\"><strong>&#8220;MAUTHAUSEN &#8211; JOAQUIM AMAT-PINIELLA&#8221;, INS Eugeni D&#8217;Ors, Vilafranca del Pened\u00e8s<\/strong><\/a><\/p>\n<p><a href=\"http:\/\/xarxamaimes.org\/wp-content\/uploads\/2021\/05\/Combatre-el-feixisme-Eugeni-2021_compressed.pdf\"><strong>&#8220;COMBATRE EL FEIXISME&#8221;, INS Eugeni D&#8217;Ors, Vilafranca del Pened\u00e8s<\/strong><\/a><\/p>\n<p>&nbsp;<\/p>\n","protected":false},"excerpt":{"rendered":"<p>La integraci\u00f3n de los centros educativos en la Red ha posibilitado el trabajo transversal y global en muchos de ellos. Proyectos de centro que son excelentes ejemplos de este trabajo pedag\u00f3gico sobre la memoria, los valores, los derechos humanos, y la sensibilizaci\u00f3n y prevenci\u00f3n de las ideolog\u00edas totalitarias y extremistas. A continuaci\u00f3n, pod\u00e9is consultar algunos [&hellip;]<\/p>\n","protected":false},"author":1,"featured_media":0,"parent":6520,"menu_order":0,"comment_status":"closed","ping_status":"closed","template":"page-dins.php","meta":{"_acf_changed":false,"footnotes":""},"class_list":["post-6521","page","type-page","status-publish","hentry"],"acf":[],"_links":{"self":[{"href":"https:\/\/xarxamaimes.org\/en\/wp-json\/wp\/v2\/pages\/6521","targetHints":{"allow":["GET"]}}],"collection":[{"href":"https:\/\/xarxamaimes.org\/en\/wp-json\/wp\/v2\/pages"}],"about":[{"href":"https:\/\/xarxamaimes.org\/en\/wp-json\/wp\/v2\/types\/page"}],"author":[{"embeddable":true,"href":"https:\/\/xarxamaimes.org\/en\/wp-json\/wp\/v2\/users\/1"}],"replies":[{"embeddable":true,"href":"https:\/\/xarxamaimes.org\/en\/wp-json\/wp\/v2\/comments?post=6521"}],"version-history":[{"count":0,"href":"https:\/\/xarxamaimes.org\/en\/wp-json\/wp\/v2\/pages\/6521\/revisions"}],"up":[{"embeddable":true,"href":"https:\/\/xarxamaimes.org\/en\/wp-json\/wp\/v2\/pages\/6520"}],"wp:attachment":[{"href":"https:\/\/xarxamaimes.org\/en\/wp-json\/wp\/v2\/media?parent=6521"}],"curies":[{"name":"wp","href":"https:\/\/api.w.org\/{rel}","templated":true}]}}