{"id":6523,"date":"2020-01-09T17:59:04","date_gmt":"2020-01-09T15:59:04","guid":{"rendered":"https:\/\/xarxamaimes.org\/premis\/"},"modified":"2026-01-20T16:36:56","modified_gmt":"2026-01-20T14:36:56","slug":"premis","status":"publish","type":"page","link":"https:\/\/xarxamaimes.org\/en\/joves\/premis\/","title":{"rendered":"Premio Amical de Mauthausen"},"content":{"rendered":"<p style=\"text-align: left\">La Amical de Mauthausen convoca anualmente un concurso literario y art\u00edstico para estudiantes de 4\u00ba de ESO, Bachillerato y Escuelas de Adultos.<\/p>\n<p style=\"text-align: left\">Desde 2022 con el nombre de\u00a0<strong>Premio Amical de Mauthausen y otros campos en memoria de la deportaci\u00f3n republicana.<\/strong><\/p>\n<p style=\"text-align: left\">Consta de dos modalidades:<\/p>\n<ul style=\"text-align: left\">\n<li>MODALIDAD DE CREACI\u00d3N LITERARIA, Montserrat Roig<\/li>\n<li>MODALIDAD DE FOTOGRAF\u00cdA Y CREACI\u00d3N ART\u00cdSTICA, Francesc Boix<\/li>\n<\/ul>\n<p style=\"text-align: left\">A continuaci\u00f3n podr\u00e9is consultar la convocatoria y las bases del V Premio Amical de Mauthausen, as\u00ed como los trabajos ganadores de las ediciones pasadas.<\/p>\n","protected":false},"excerpt":{"rendered":"<p>La Amical de Mauthausen convoca anualmente un concurso literario y art\u00edstico para estudiantes de 4\u00ba de ESO, Bachillerato y Escuelas de Adultos. Desde 2022 con el nombre de\u00a0Premio Amical de Mauthausen y otros campos en memoria de la deportaci\u00f3n republicana. Consta de dos modalidades: MODALIDAD DE CREACI\u00d3N LITERARIA, Montserrat Roig MODALIDAD DE FOTOGRAF\u00cdA Y CREACI\u00d3N [&hellip;]<\/p>\n","protected":false},"author":1,"featured_media":0,"parent":6532,"menu_order":0,"comment_status":"closed","ping_status":"closed","template":"page-dins.php","meta":{"_acf_changed":false,"footnotes":""},"class_list":["post-6523","page","type-page","status-publish","hentry"],"acf":[],"_links":{"self":[{"href":"https:\/\/xarxamaimes.org\/en\/wp-json\/wp\/v2\/pages\/6523","targetHints":{"allow":["GET"]}}],"collection":[{"href":"https:\/\/xarxamaimes.org\/en\/wp-json\/wp\/v2\/pages"}],"about":[{"href":"https:\/\/xarxamaimes.org\/en\/wp-json\/wp\/v2\/types\/page"}],"author":[{"embeddable":true,"href":"https:\/\/xarxamaimes.org\/en\/wp-json\/wp\/v2\/users\/1"}],"replies":[{"embeddable":true,"href":"https:\/\/xarxamaimes.org\/en\/wp-json\/wp\/v2\/comments?post=6523"}],"version-history":[{"count":3,"href":"https:\/\/xarxamaimes.org\/en\/wp-json\/wp\/v2\/pages\/6523\/revisions"}],"predecessor-version":[{"id":6707,"href":"https:\/\/xarxamaimes.org\/en\/wp-json\/wp\/v2\/pages\/6523\/revisions\/6707"}],"up":[{"embeddable":true,"href":"https:\/\/xarxamaimes.org\/en\/wp-json\/wp\/v2\/pages\/6532"}],"wp:attachment":[{"href":"https:\/\/xarxamaimes.org\/en\/wp-json\/wp\/v2\/media?parent=6523"}],"curies":[{"name":"wp","href":"https:\/\/api.w.org\/{rel}","templated":true}]}}