{"id":6529,"date":"2019-11-08T13:54:32","date_gmt":"2019-11-08T11:54:32","guid":{"rendered":"https:\/\/xarxamaimes.org\/trobades-dajuntaments\/"},"modified":"2019-11-08T13:54:32","modified_gmt":"2019-11-08T11:54:32","slug":"trobades-dajuntaments","status":"publish","type":"page","link":"https:\/\/xarxamaimes.org\/en\/ajuntaments\/trobades-dajuntaments\/","title":{"rendered":"Encuentros de Ayuntamientos"},"content":{"rendered":"<p>Desde el 2015, la Red viene reuniendo cada a\u00f1o a los ayuntamientos y representantes municipales que forman parte expl\u00edcitamente y aquellos que tienen relaci\u00f3n con los proyectos de la Amical, y est\u00e1n todav\u00eda gestionando su adhesi\u00f3n. Estos encuentros son los espacios de debate, reflexi\u00f3n e intercambio de experiencias sobre las pol\u00edticas p\u00fablicas de memoria y el papel de los ayuntamientos en el desarrollo de las mismas.<\/p>\n","protected":false},"excerpt":{"rendered":"<p>Desde el 2015, la Red viene reuniendo cada a\u00f1o a los ayuntamientos y representantes municipales que forman parte expl\u00edcitamente y aquellos que tienen relaci\u00f3n con los proyectos de la Amical, y est\u00e1n todav\u00eda gestionando su adhesi\u00f3n. Estos encuentros son los espacios de debate, reflexi\u00f3n e intercambio de experiencias sobre las pol\u00edticas p\u00fablicas de memoria y [&hellip;]<\/p>\n","protected":false},"author":1,"featured_media":0,"parent":6530,"menu_order":0,"comment_status":"closed","ping_status":"closed","template":"page-dins.php","meta":{"_acf_changed":false,"footnotes":""},"class_list":["post-6529","page","type-page","status-publish","hentry"],"acf":[],"_links":{"self":[{"href":"https:\/\/xarxamaimes.org\/en\/wp-json\/wp\/v2\/pages\/6529","targetHints":{"allow":["GET"]}}],"collection":[{"href":"https:\/\/xarxamaimes.org\/en\/wp-json\/wp\/v2\/pages"}],"about":[{"href":"https:\/\/xarxamaimes.org\/en\/wp-json\/wp\/v2\/types\/page"}],"author":[{"embeddable":true,"href":"https:\/\/xarxamaimes.org\/en\/wp-json\/wp\/v2\/users\/1"}],"replies":[{"embeddable":true,"href":"https:\/\/xarxamaimes.org\/en\/wp-json\/wp\/v2\/comments?post=6529"}],"version-history":[{"count":0,"href":"https:\/\/xarxamaimes.org\/en\/wp-json\/wp\/v2\/pages\/6529\/revisions"}],"up":[{"embeddable":true,"href":"https:\/\/xarxamaimes.org\/en\/wp-json\/wp\/v2\/pages\/6530"}],"wp:attachment":[{"href":"https:\/\/xarxamaimes.org\/en\/wp-json\/wp\/v2\/media?parent=6529"}],"curies":[{"name":"wp","href":"https:\/\/api.w.org\/{rel}","templated":true}]}}