{"id":2724,"date":"2019-11-08T13:29:43","date_gmt":"2019-11-08T11:29:43","guid":{"rendered":"http:\/\/xarxamaimes.org\/ajuntaments\/"},"modified":"2022-11-24T11:14:51","modified_gmt":"2022-11-24T09:14:51","slug":"ajuntaments","status":"publish","type":"page","link":"https:\/\/xarxamaimes.org\/es\/ajuntaments\/","title":{"rendered":"Ayuntamientos"},"content":{"rendered":"<p>La Red Nunca M\u00e1s tiene la voluntad de ser municipalista para trabajar y coordinar pol\u00edticas p\u00fablicas de memoria de \u00e1mbito local. A partir de las historias de deportados y deportadas se pretende construir proyectos y programas de actividades con la colaboraci\u00f3n de los ayuntamientos, la Amical, los centros educativos y las entidades.<\/p>\n<p>Defender la memoria de la deportaci\u00f3n, los derechos humanos, los valores republicanos y sensibilizar contra el fascismo, definiendo y ejecutando programas de actividades, conferencias, exposiciones, cineforum, actos institucionales, colocaci\u00f3n de monumentos y placas conmemorativas, etc.<\/p>\n<p>Invitamos a todos los ayuntamientos a adherirse a la Red Nunca M\u00e1s y trabajar juntos por la memoria y la prevenci\u00f3n del fascismo.<\/p>\n","protected":false},"excerpt":{"rendered":"<p>La Red Nunca M\u00e1s tiene la voluntad de ser municipalista para trabajar y coordinar pol\u00edticas p\u00fablicas de memoria de \u00e1mbito local. A partir de las historias de deportados y deportadas se pretende construir proyectos y programas de actividades con la colaboraci\u00f3n de los ayuntamientos, la Amical, los centros educativos y las entidades. Defender la memoria [&hellip;]<\/p>\n","protected":false},"author":1,"featured_media":0,"parent":0,"menu_order":0,"comment_status":"closed","ping_status":"closed","template":"page-joves.php","meta":{"_acf_changed":false,"footnotes":""},"class_list":["post-2724","page","type-page","status-publish","hentry"],"acf":[],"_links":{"self":[{"href":"https:\/\/xarxamaimes.org\/es\/wp-json\/wp\/v2\/pages\/2724","targetHints":{"allow":["GET"]}}],"collection":[{"href":"https:\/\/xarxamaimes.org\/es\/wp-json\/wp\/v2\/pages"}],"about":[{"href":"https:\/\/xarxamaimes.org\/es\/wp-json\/wp\/v2\/types\/page"}],"author":[{"embeddable":true,"href":"https:\/\/xarxamaimes.org\/es\/wp-json\/wp\/v2\/users\/1"}],"replies":[{"embeddable":true,"href":"https:\/\/xarxamaimes.org\/es\/wp-json\/wp\/v2\/comments?post=2724"}],"version-history":[{"count":6,"href":"https:\/\/xarxamaimes.org\/es\/wp-json\/wp\/v2\/pages\/2724\/revisions"}],"predecessor-version":[{"id":6231,"href":"https:\/\/xarxamaimes.org\/es\/wp-json\/wp\/v2\/pages\/2724\/revisions\/6231"}],"wp:attachment":[{"href":"https:\/\/xarxamaimes.org\/es\/wp-json\/wp\/v2\/media?parent=2724"}],"curies":[{"name":"wp","href":"https:\/\/api.w.org\/{rel}","templated":true}]}}