{"id":2726,"date":"2019-11-08T14:15:20","date_gmt":"2019-11-08T12:15:20","guid":{"rendered":"http:\/\/xarxamaimes.org\/ajuntaments\/experiencies-municipals\/"},"modified":"2024-10-02T12:19:19","modified_gmt":"2024-10-02T10:19:19","slug":"actividades-municipales","status":"publish","type":"page","link":"https:\/\/xarxamaimes.org\/es\/ajuntaments\/actividades-municipales\/","title":{"rendered":"Actividades municipales"},"content":{"rendered":"<p>Con la incorporaci\u00f3n de las concejal\u00edas de memoria hist\u00f3rica, ya son muchos los que visualizan su voluntad y apuesta pol\u00edtica para trabajar por la memoria en el \u00e1mbito municipal. Desde hace a\u00f1os, sin embargo, muchos municipios ya van desarrollando programas y actividades relacionadas con la recuperaci\u00f3n de la memoria. Aqu\u00ed podemos encontrar algunos.<\/p>\n<p><a href=\"https:\/\/www.vilanova.cat\/cultura\/cmh\"><strong>Comissi\u00f3 de Mem\u00f2ria Hist\u00f2rica de l\u2019Ajuntament de Vilanova i la Geltr\u00fa sss<\/strong><\/a><\/p>\n<p><a href=\"https:\/\/www.gramenet.cat\/ajuntament\/arees-municipals\/memoria-historica\/\"><strong>Santa Coloma de Gramenet, Setmana de la Mem\u00f2ria Hist\u00f2rica<\/strong><\/a><\/p>\n<p><a href=\"https:\/\/www.manresa.cat\/web\/menu\/7871-itineraris-dels-espais-de-memoria-de-manresa\"><strong>Ajuntament de Manresa, itineraris d\u2019espais de mem\u00f2ria<\/strong><\/a><\/p>\n<p><a href=\"https:\/\/www.terrassa.cat\/terrassa-t-memoria\"><strong>Ajuntament de Terrassa<\/strong><\/a><\/p>\n<p><a href=\"http:\/\/granollers.cat\/can-jonch\/granollers-bombardeig-31-maig-1938\"><strong>Ajuntament de Granollers. Bombardeig 31 de maig de 1938<\/strong><\/a><\/p>\n<p><a href=\"https:\/\/granollers.cat\/can-jonch\/can-jonch-centre-cultura-pau\"><strong>Ajuntament de Granollers. Can Jonch<\/strong><\/a><\/p>\n<p><a href=\"https:\/\/web.sabadell.cat\/deportats\"><strong>Ajuntament de Sabadell<\/strong><\/a><\/p>\n<p><a href=\"https:\/\/www.tarragona.cat\/patrimoni\/museu-historia\/divulgacio-de-la-historia\/els-deportats-als-camps-nazis\"><strong>Ajuntament de Tarragona<\/strong><\/a><\/p>\n<p><a href=\"https:\/\/ajuntament.barcelona.cat\/memoriademocratica\/ca\/\"><strong>Ajuntament de Barcelona<\/strong><\/a><\/p>\n<p><strong><a href=\"https:\/\/ajuntament.barcelona.cat\/memoriademocratica\/es\/noticia\/homenaje-a-las-personas-deportadas-a-los-campos-de-concentracion-y-victimas-del-nazismo\/\">Ajuntament de Barcelona. Homenaje a las personas deportadas a los campos de concentraci\u00f3n y v\u00edctimas del nazismo<\/a><\/strong><\/p>\n<p><a href=\"https:\/\/ajuntament.barcelona.cat\/memoriademocratica\/es\/programa\/projecte-stolpersteine-barcelona\/\"><strong>Ajuntament de Barcelona. Proyecto Stolpersteine Barcelona<\/strong><\/a><\/p>\n<p><strong><a href=\"http:\/\/www.olesademontserrat.cat\/pl19\/ajuntament-seu-electronica\/comunicacio\/noticies-municipals\/id8841\/desenes-jornades-memoria-historica-olesa.htm\">Ajuntament d&#8217;Olesa de Montserrat, X Jornades de Mem\u00f2ria Hist\u00f2rica<\/a><\/strong><\/p>\n<p><a href=\"https:\/\/ripollet.cat\/asp\/content.asp?id=32461\"><strong>Ajuntament de Ripollet. \u00a0III Setmana de la Mem\u00f2ria Hist\u00f2rica<\/strong><\/a><\/p>\n<p><strong><a href=\"https:\/\/www.youtube.com\/watch?v=eX-V-SSu0Ek&amp;t=4s\">Ajuntament de Sabadell. Dia de l&#8217;Holocaust 2021<\/a><\/strong><\/p>\n","protected":false},"excerpt":{"rendered":"<p>Con la incorporaci\u00f3n de las concejal\u00edas de memoria hist\u00f3rica, ya son muchos los que visualizan su voluntad y apuesta pol\u00edtica para trabajar por la memoria en el \u00e1mbito municipal. Desde hace a\u00f1os, sin embargo, muchos municipios ya van desarrollando programas y actividades relacionadas con la recuperaci\u00f3n de la memoria. Aqu\u00ed podemos encontrar algunos. Comissi\u00f3 de [&hellip;]<\/p>\n","protected":false},"author":1,"featured_media":0,"parent":2724,"menu_order":0,"comment_status":"closed","ping_status":"closed","template":"page-dins.php","meta":{"_acf_changed":false,"footnotes":""},"class_list":["post-2726","page","type-page","status-publish","hentry"],"acf":[],"_links":{"self":[{"href":"https:\/\/xarxamaimes.org\/es\/wp-json\/wp\/v2\/pages\/2726","targetHints":{"allow":["GET"]}}],"collection":[{"href":"https:\/\/xarxamaimes.org\/es\/wp-json\/wp\/v2\/pages"}],"about":[{"href":"https:\/\/xarxamaimes.org\/es\/wp-json\/wp\/v2\/types\/page"}],"author":[{"embeddable":true,"href":"https:\/\/xarxamaimes.org\/es\/wp-json\/wp\/v2\/users\/1"}],"replies":[{"embeddable":true,"href":"https:\/\/xarxamaimes.org\/es\/wp-json\/wp\/v2\/comments?post=2726"}],"version-history":[{"count":15,"href":"https:\/\/xarxamaimes.org\/es\/wp-json\/wp\/v2\/pages\/2726\/revisions"}],"predecessor-version":[{"id":6432,"href":"https:\/\/xarxamaimes.org\/es\/wp-json\/wp\/v2\/pages\/2726\/revisions\/6432"}],"up":[{"embeddable":true,"href":"https:\/\/xarxamaimes.org\/es\/wp-json\/wp\/v2\/pages\/2724"}],"wp:attachment":[{"href":"https:\/\/xarxamaimes.org\/es\/wp-json\/wp\/v2\/media?parent=2726"}],"curies":[{"name":"wp","href":"https:\/\/api.w.org\/{rel}","templated":true}]}}