{"id":2732,"date":"2019-11-08T12:16:02","date_gmt":"2019-11-08T10:16:02","guid":{"rendered":"http:\/\/xarxamaimes.org\/joves\/"},"modified":"2022-11-22T12:37:39","modified_gmt":"2022-11-22T10:37:39","slug":"joves","status":"publish","type":"page","link":"https:\/\/xarxamaimes.org\/es\/joves\/","title":{"rendered":"J\u00f3venes"},"content":{"rendered":"<p>Joven, \u00bftienes inter\u00e9s en la historia reciente de nuestro pa\u00eds? \u00bfQuieres trabajar con otros j\u00f3venes de toda Europa que comparten tus inquietudes? \u00bfEst\u00e1s preocupado por el auge de la extrema derecha en toda Europa? &#8230; Te invitamos a conocer el Proyecto RED NUNCA M\u00c1S, impulsado por nuestra asociaci\u00f3n la Amical de Mauthausen y otros campos (para saber mejor qui\u00e9nes somos, visita este <strong><a href=\"https:\/\/amical-mauthausen.org\/amical-mauthausen\/mision-valores-e-historia\/\">enlace<\/a><\/strong>), y a animar a tu centro educativo a formar parte. De esta manera, podr\u00e1s participar en los encuentros de j\u00f3venes, los viajes a los campos de concentraci\u00f3n, los premios que organiza la Amical, recibir\u00e1s asesoramiento sobre tu Trabajo de Investigaci\u00f3n si decides hacerlo sobre los deportados&#8230;<\/p>\n","protected":false},"excerpt":{"rendered":"<p>Joven, \u00bftienes inter\u00e9s en la historia reciente de nuestro pa\u00eds? \u00bfQuieres trabajar con otros j\u00f3venes de toda Europa que comparten tus inquietudes? \u00bfEst\u00e1s preocupado por el auge de la extrema derecha en toda Europa? &#8230; Te invitamos a conocer el Proyecto RED NUNCA M\u00c1S, impulsado por nuestra asociaci\u00f3n la Amical de Mauthausen y otros campos [&hellip;]<\/p>\n","protected":false},"author":1,"featured_media":0,"parent":0,"menu_order":0,"comment_status":"closed","ping_status":"closed","template":"page-joves.php","meta":{"_acf_changed":false,"footnotes":""},"class_list":["post-2732","page","type-page","status-publish","hentry"],"acf":[],"_links":{"self":[{"href":"https:\/\/xarxamaimes.org\/es\/wp-json\/wp\/v2\/pages\/2732","targetHints":{"allow":["GET"]}}],"collection":[{"href":"https:\/\/xarxamaimes.org\/es\/wp-json\/wp\/v2\/pages"}],"about":[{"href":"https:\/\/xarxamaimes.org\/es\/wp-json\/wp\/v2\/types\/page"}],"author":[{"embeddable":true,"href":"https:\/\/xarxamaimes.org\/es\/wp-json\/wp\/v2\/users\/1"}],"replies":[{"embeddable":true,"href":"https:\/\/xarxamaimes.org\/es\/wp-json\/wp\/v2\/comments?post=2732"}],"version-history":[{"count":5,"href":"https:\/\/xarxamaimes.org\/es\/wp-json\/wp\/v2\/pages\/2732\/revisions"}],"predecessor-version":[{"id":6175,"href":"https:\/\/xarxamaimes.org\/es\/wp-json\/wp\/v2\/pages\/2732\/revisions\/6175"}],"wp:attachment":[{"href":"https:\/\/xarxamaimes.org\/es\/wp-json\/wp\/v2\/media?parent=2732"}],"curies":[{"name":"wp","href":"https:\/\/api.w.org\/{rel}","templated":true}]}}