{"id":2733,"date":"2020-01-09T16:59:22","date_gmt":"2020-01-09T14:59:22","guid":{"rendered":"http:\/\/xarxamaimes.org\/joves\/treballs-de-recerca\/"},"modified":"2022-06-28T18:00:44","modified_gmt":"2022-06-28T16:00:44","slug":"treballs-de-recerca","status":"publish","type":"page","link":"https:\/\/xarxamaimes.org\/es\/joves\/treballs-de-recerca\/","title":{"rendered":"Trabajos de Investigaci\u00f3n"},"content":{"rendered":"<p>La Amical de Mauthausen y otros campos orienta a muchos estudiantes que llevan a cabo su trabajo de investigaci\u00f3n de bachillerato en su investigaci\u00f3n sobre los campos de concentraci\u00f3n y la deportaci\u00f3n republicana. La ayuda y el apoyo de la Amical, sin embargo, s\u00f3lo puede ser productivo a partir del momento en que se haya acotado el tema y elaborado el gui\u00f3n. Dado que no hay supervivientes para testimoniar, pueden realizarse entrevistas a familiares e historiadores. Tambi\u00e9n se puede hacer uso de la biblioteca especializada y obtener informaci\u00f3n de la base de datos sobre los deportados republicanos.<\/p>\n","protected":false},"excerpt":{"rendered":"<p>La Amical de Mauthausen y otros campos orienta a muchos estudiantes que llevan a cabo su trabajo de investigaci\u00f3n de bachillerato en su investigaci\u00f3n sobre los campos de concentraci\u00f3n y la deportaci\u00f3n republicana. La ayuda y el apoyo de la Amical, sin embargo, s\u00f3lo puede ser productivo a partir del momento en que se haya [&hellip;]<\/p>\n","protected":false},"author":1,"featured_media":0,"parent":2732,"menu_order":0,"comment_status":"closed","ping_status":"closed","template":"page-dins.php","meta":{"_acf_changed":false,"footnotes":""},"class_list":["post-2733","page","type-page","status-publish","hentry"],"acf":[],"_links":{"self":[{"href":"https:\/\/xarxamaimes.org\/es\/wp-json\/wp\/v2\/pages\/2733","targetHints":{"allow":["GET"]}}],"collection":[{"href":"https:\/\/xarxamaimes.org\/es\/wp-json\/wp\/v2\/pages"}],"about":[{"href":"https:\/\/xarxamaimes.org\/es\/wp-json\/wp\/v2\/types\/page"}],"author":[{"embeddable":true,"href":"https:\/\/xarxamaimes.org\/es\/wp-json\/wp\/v2\/users\/1"}],"replies":[{"embeddable":true,"href":"https:\/\/xarxamaimes.org\/es\/wp-json\/wp\/v2\/comments?post=2733"}],"version-history":[{"count":6,"href":"https:\/\/xarxamaimes.org\/es\/wp-json\/wp\/v2\/pages\/2733\/revisions"}],"predecessor-version":[{"id":6106,"href":"https:\/\/xarxamaimes.org\/es\/wp-json\/wp\/v2\/pages\/2733\/revisions\/6106"}],"up":[{"embeddable":true,"href":"https:\/\/xarxamaimes.org\/es\/wp-json\/wp\/v2\/pages\/2732"}],"wp:attachment":[{"href":"https:\/\/xarxamaimes.org\/es\/wp-json\/wp\/v2\/media?parent=2733"}],"curies":[{"name":"wp","href":"https:\/\/api.w.org\/{rel}","templated":true}]}}