{"id":2734,"date":"2020-01-09T13:50:59","date_gmt":"2020-01-09T11:50:59","guid":{"rendered":"http:\/\/xarxamaimes.org\/joves\/trobades-de-joves\/"},"modified":"2022-11-22T12:41:51","modified_gmt":"2022-11-22T10:41:51","slug":"trobades-de-joves","status":"publish","type":"page","link":"https:\/\/xarxamaimes.org\/es\/joves\/trobades-de-joves\/","title":{"rendered":"Encuentros de j\u00f3venes"},"content":{"rendered":"<p>Desde el 2013 la Red viene reuniendo cada a\u00f1o a j\u00f3venes de todos los centros que forman parte de ella en encuentros que se han convertido en el espacio de muestra e intercambio de proyectos, trabajos, reflexiones y actividades art\u00edsticas en torno a la memoria y la deportaci\u00f3n.<\/p>\n","protected":false},"excerpt":{"rendered":"<p>Desde el 2013 la Red viene reuniendo cada a\u00f1o a j\u00f3venes de todos los centros que forman parte de ella en encuentros que se han convertido en el espacio de muestra e intercambio de proyectos, trabajos, reflexiones y actividades art\u00edsticas en torno a la memoria y la deportaci\u00f3n.<\/p>\n","protected":false},"author":1,"featured_media":0,"parent":2732,"menu_order":0,"comment_status":"closed","ping_status":"closed","template":"page-dins.php","meta":{"_acf_changed":false,"footnotes":""},"class_list":["post-2734","page","type-page","status-publish","hentry"],"acf":[],"_links":{"self":[{"href":"https:\/\/xarxamaimes.org\/es\/wp-json\/wp\/v2\/pages\/2734","targetHints":{"allow":["GET"]}}],"collection":[{"href":"https:\/\/xarxamaimes.org\/es\/wp-json\/wp\/v2\/pages"}],"about":[{"href":"https:\/\/xarxamaimes.org\/es\/wp-json\/wp\/v2\/types\/page"}],"author":[{"embeddable":true,"href":"https:\/\/xarxamaimes.org\/es\/wp-json\/wp\/v2\/users\/1"}],"replies":[{"embeddable":true,"href":"https:\/\/xarxamaimes.org\/es\/wp-json\/wp\/v2\/comments?post=2734"}],"version-history":[{"count":3,"href":"https:\/\/xarxamaimes.org\/es\/wp-json\/wp\/v2\/pages\/2734\/revisions"}],"predecessor-version":[{"id":6178,"href":"https:\/\/xarxamaimes.org\/es\/wp-json\/wp\/v2\/pages\/2734\/revisions\/6178"}],"up":[{"embeddable":true,"href":"https:\/\/xarxamaimes.org\/es\/wp-json\/wp\/v2\/pages\/2732"}],"wp:attachment":[{"href":"https:\/\/xarxamaimes.org\/es\/wp-json\/wp\/v2\/media?parent=2734"}],"curies":[{"name":"wp","href":"https:\/\/api.w.org\/{rel}","templated":true}]}}