{"id":2738,"date":"2020-01-10T10:48:35","date_gmt":"2020-01-10T08:48:35","guid":{"rendered":"http:\/\/xarxamaimes.org\/professorat\/projectes-de-centre\/"},"modified":"2021-05-31T12:08:52","modified_gmt":"2021-05-31T10:08:52","slug":"projectes-de-centre","status":"publish","type":"page","link":"https:\/\/xarxamaimes.org\/es\/professorat\/projectes-de-centre\/","title":{"rendered":"Proyectos de centro"},"content":{"rendered":"<p>La integraci\u00f3n de los centros educativos en la Red ha posibilitado el trabajo transversal y global en muchos de ellos. Proyectos de centro que son excelentes ejemplos de este trabajo pedag\u00f3gico sobre la memoria, los valores, los derechos humanos, y la sensibilizaci\u00f3n y prevenci\u00f3n de las ideolog\u00edas totalitarias y extremistas.<\/p>\n<p>A continuaci\u00f3n, pod\u00e9is consultar algunos proyectos de los centros integrantes de la Red:<\/p>\n<p><a href=\"https:\/\/sites.google.com\/xtec.cat\/portes-de-la-memoria\/inici\"><strong>\u00abPORTES DE LA MEM\u00d2RIA\u201d, INS Ramon Berenguer IV, Amposta<\/strong><\/a><\/p>\n<p><strong><a href=\"https:\/\/allunyament.wordpress.com\/\">\u00abL&#8217;HOME DELS ULLS TRISTOS\u00bb, Projecte Manresa-Mauthausen-Catalunya central<\/a> <\/strong><\/p>\n<p><a href=\"http:\/\/www.insbruguers.cat\/projectes\/projecte-buchenwald\"><strong>\u201cALUMNES CONTRA EL FEIXISME\u201d, INS Bruguers, Gav\u00e0<\/strong><\/a><\/p>\n<p><strong><a href=\"https:\/\/view.genial.ly\/5f7361d4b3bb1f0d011a3e7b\/dossier-musiques-de-lholocaust\">\u00abM\u00daSIQUES DE L&#8217;HOLOCAUST\u00bb, INS Andreu Sempere, Alcoi\u00a0<\/a><\/strong><\/p>\n<p><a href=\"https:\/\/www.elcimvilanova.cat\/projecte-buchenwald\/\"><strong>\u00abPROJECTE BUCHENWALD\u00bb, Escola El Cim, Vilanova i la Geltr\u00fa<\/strong><\/a><\/p>\n<p><strong><a href=\"http:\/\/www.insbruguers.cat\/projectes\/projecte-buchenwald\">\u00abPROJECTE BUCHENWALD\u00bb, INS Bruguers, Gav\u00e0<\/a><\/strong><\/p>\n<p><strong><a href=\"https:\/\/blocs.xtec.cat\/iescubelles\/projectes\/projecte-buchenwald\/\">\u00abPROJECTE BUCHENWALD\u00bb, INS Cubelles<\/a> <\/strong><\/p>\n<p><strong><a href=\"https:\/\/www.insalexandregali.cat\/projectes\/projecte-buchenwald\/\">\u00abPROJECTE BUCHENWALD\u00bb, INS Alexandre Gal\u00ed, Sant Pere de Ribes<\/a> <\/strong><\/p>\n<p><a href=\"http:\/\/www.fxlluchirafecas.cat\/index.php\/programes-del-centre\/projecte-buchenwald-batxillerat\"><strong>\u00abPROJECTE BUCHENWALD\u00bb, <\/strong><strong>INS F.X. Lluch i Rafecas, Vilanova i la Geltr\u00fa<\/strong><\/a><\/p>\n<p><strong><a href=\"http:\/\/divinaprovidencia.cat\/continguts_c\/projectes-activitats-7\/projecte-buchenwald-31.html\">\u00abPROJECTE BUCHENWALD\u00bb, Escola Divina Provid\u00e8ncia, Vilanova i la Geltr\u00fa<\/a><\/strong><\/p>\n<p><a href=\"http:\/\/MEMORIAL DIA DE L'HOLOCAUST. INS Joaquim Mir. Vilanova i la Geltr\u00fa\"><strong>\u00abMEMORIAL DIA DE L&#8217;HOLOCAUST, INS Joaquim Mir, Vilanova i la Geltr\u00fa<\/strong>\u00ab<\/a><\/p>\n<p><a href=\"https:\/\/drive.google.com\/file\/d\/15j6nRRY9LtBttV1Zg7Q1DpELkJCNnLTg\/view\"><strong>\u00abMAUTHAUSEN &#8211; JOAQUIM AMAT-PINIELLA\u00bb, INS Eugeni D&#8217;Ors, Vilafranca del Pened\u00e8s<\/strong><\/a><\/p>\n<p><a href=\"http:\/\/xarxamaimes.org\/wp-content\/uploads\/2021\/05\/Combatre-el-feixisme-Eugeni-2021_compressed.pdf\"><strong>\u00abCOMBATRE EL FEIXISME\u00bb, INS Eugeni D&#8217;Ors, Vilafranca del Pened\u00e8s<\/strong><\/a><\/p>\n<p>&nbsp;<\/p>\n","protected":false},"excerpt":{"rendered":"<p>La integraci\u00f3n de los centros educativos en la Red ha posibilitado el trabajo transversal y global en muchos de ellos. Proyectos de centro que son excelentes ejemplos de este trabajo pedag\u00f3gico sobre la memoria, los valores, los derechos humanos, y la sensibilizaci\u00f3n y prevenci\u00f3n de las ideolog\u00edas totalitarias y extremistas. A continuaci\u00f3n, pod\u00e9is consultar algunos [&hellip;]<\/p>\n","protected":false},"author":1,"featured_media":0,"parent":2737,"menu_order":0,"comment_status":"closed","ping_status":"closed","template":"page-dins.php","meta":{"_acf_changed":false,"footnotes":""},"class_list":["post-2738","page","type-page","status-publish","hentry"],"acf":[],"_links":{"self":[{"href":"https:\/\/xarxamaimes.org\/es\/wp-json\/wp\/v2\/pages\/2738","targetHints":{"allow":["GET"]}}],"collection":[{"href":"https:\/\/xarxamaimes.org\/es\/wp-json\/wp\/v2\/pages"}],"about":[{"href":"https:\/\/xarxamaimes.org\/es\/wp-json\/wp\/v2\/types\/page"}],"author":[{"embeddable":true,"href":"https:\/\/xarxamaimes.org\/es\/wp-json\/wp\/v2\/users\/1"}],"replies":[{"embeddable":true,"href":"https:\/\/xarxamaimes.org\/es\/wp-json\/wp\/v2\/comments?post=2738"}],"version-history":[{"count":7,"href":"https:\/\/xarxamaimes.org\/es\/wp-json\/wp\/v2\/pages\/2738\/revisions"}],"predecessor-version":[{"id":6021,"href":"https:\/\/xarxamaimes.org\/es\/wp-json\/wp\/v2\/pages\/2738\/revisions\/6021"}],"up":[{"embeddable":true,"href":"https:\/\/xarxamaimes.org\/es\/wp-json\/wp\/v2\/pages\/2737"}],"wp:attachment":[{"href":"https:\/\/xarxamaimes.org\/es\/wp-json\/wp\/v2\/media?parent=2738"}],"curies":[{"name":"wp","href":"https:\/\/api.w.org\/{rel}","templated":true}]}}